{"id":12,"date":"2025-05-15T20:16:40","date_gmt":"2025-05-15T20:16:40","guid":{"rendered":"https:\/\/www.dereszewski.pl\/?page_id=12"},"modified":"2025-05-15T20:16:40","modified_gmt":"2025-05-15T20:16:40","slug":"polityka-prywatnosci","status":"publish","type":"page","link":"https:\/\/www.dereszewski.pl\/index.php\/polityka-prywatnosci\/","title":{"rendered":"Polityka prywatno\u015bci"},"content":{"rendered":"\n<h2 class=\"wp-block-heading\">Ten dokument okre\u015bla zasady przetwarzania danych osobowych oraz wykorzystywania plik\u00f3w cookies w zwi\u0105zku z korzystaniem ze strony internetowej https:\/\/dereszewski.pl<\/h2>\n\n\n\n<p>Informacja formalna na pocz\u0105tek \u2013 administratorem strony jest firma Tomasz Dereszewski., ul. Grochowska 207\/46, 04-077 Warszawa, NIP: 7752520591.<\/p>\n\n\n\n<p>W razie jakichkolwiek w\u0105tpliwo\u015bci zwi\u0105zanych z polityk\u0105 prywatno\u015bci, w ka\u017cdej chwili mo\u017cesz skontaktowa\u0107 si\u0119 z nami, wysy\u0142aj\u0105c wiadomo\u015b\u0107 na adres\u00a0info@dereszewski.pl<\/p>\n\n\n\n<h3 class=\"wp-block-heading\">Skr\u00f3cona wersja \u2013 najwa\u017cniejsze informacje<\/h3>\n\n\n\n<hr class=\"wp-block-separator has-alpha-channel-opacity\"\/>\n\n\n\n<p>Dbamy o Twoj\u0105 prywatno\u015b\u0107, ale r\u00f3wnie\u017c o Tw\u00f3j czas. Dlatego przygotowali\u015bmy dla Ciebie skr\u00f3con\u0105 wersj\u0119 najwa\u017cniejszych zasad zwi\u0105zanych z ochron\u0105 prywatno\u015bci.<\/p>\n\n\n\n<ul class=\"wp-block-list\">\n<li>Zak\u0142adaj\u0105c konto u\u017cytkownika za po\u015brednictwem strony, sk\u0142adaj\u0105c zam\u00f3wienie, zapisuj\u0105c si\u0119 do newslettera, pisz\u0105c komentarze, sk\u0142adaj\u0105c reklamacj\u0119, odst\u0119puj\u0105c od umowy czy po prostu kontaktuj\u0105c si\u0119 z nami, przekazujesz nam swoje dane osobowe, a my gwarantujemy Ci, \u017ce Twoje dane pozostan\u0105 poufne, bezpieczne i nie zostan\u0105 udost\u0119pnione jakimkolwiek podmiotom trzecim bez Twojej wyra\u017anej zgody.<\/li>\n\n\n\n<li>Powierzamy przetwarzanie danych osobowych tylko sprawdzonym i zaufanym podmiotom \u015bwiadcz\u0105cym us\u0142ugi zwi\u0105zane z przetwarzaniem danych osobowych.<\/li>\n\n\n\n<li>Korzystamy z narz\u0119dzi analitycznych Google Analytics, kt\u00f3re zbieraj\u0105 informacje na temat Twoich odwiedzin strony, takie jak podstrony, kt\u00f3re wy\u015bwietli\u0142e\u015b, czas, jaki sp\u0119dzi\u0142e\u015b na stronie czy przej\u015bcia pomi\u0119dzy poszczeg\u00f3lnymi podstronami. W tym celu wykorzystywane s\u0105 pliki cookies firmy Google LLC dotycz\u0105ce us\u0142ugi Google Analytics. W ramach mechanizmu do zarz\u0105dzania ustawieniami plik\u00f3w cookies masz mo\u017cliwo\u015b\u0107 zadecydowania, czy w ramach us\u0142ugi Google Analytics b\u0119dziemy mogli korzysta\u0107 r\u00f3wnie\u017c z funkcji marketingowych, czy nie.<\/li>\n\n\n\n<li>Korzystamy z narz\u0119dzi marketingowych, takich jak Facebook Pixel, by kierowa\u0107 do Ciebie reklamy. Wi\u0105\u017c\u0119 si\u0119 to z wykorzystywaniem plik\u00f3w cookies firmy Facebook. W ramach ustawie\u0144 plik\u00f3w cookies mo\u017cesz zadecydowa\u0107, czy wyra\u017casz zgod\u0119 na korzystanie przez nas w Twoim przypadku z Pixela Facebooka, czy nie.<\/li>\n\n\n\n<li>Zapewniamy mo\u017cliwo\u015b\u0107 korzystania z funkcji spo\u0142eczno\u015bciowych, takich jak udost\u0119pnianie tre\u015bci w serwisach spo\u0142eczno\u015bciowych oraz subskrypcja profilu spo\u0142eczno\u015bciowego. Korzystanie z tych funkcji wi\u0105\u017ce si\u0119 z wykorzystywaniem plik\u00f3w cookies administrator\u00f3w serwis\u00f3w spo\u0142eczno\u015bciowych takich jak Facebook, Instagram, YouTube, Twitter, Google+, LinkedIN.<\/li>\n<\/ul>\n\n\n\n<p>Je\u017celi powy\u017csze informacje nie s\u0105 dla Ciebie wystarczaj\u0105ce, poni\u017cej znajdziesz dalej id\u0105ce szczeg\u00f3\u0142y.<\/p>\n\n\n\n<h3 class=\"wp-block-heading\">Dane osobowe<\/h3>\n\n\n\n<hr class=\"wp-block-separator has-alpha-channel-opacity\"\/>\n\n\n\n<p>Administratorem Twoich danych osobowych w rozumieniu przepis\u00f3w o ochronie danych osobowych jest firma Tomasz Dereszewski, ul. Grochowska 207\/46, 04-077 Warszawa, NIP: 7752520591.<\/p>\n\n\n\n<p>Cele, podstawy prawne oraz okres przetwarzania danych osobowych&nbsp;wskazane s\u0105 odr\u0119bnie w stosunku do ka\u017cdego celu przetwarzania danych opisanych poni\u017cej.<\/p>\n\n\n\n<p>Uprawnienia. RODO przyznaje Ci nast\u0119puj\u0105ce potencjalne uprawnienia zwi\u0105zane z przetwarzaniem Twoich danych osobowych:<\/p>\n\n\n\n<ul class=\"wp-block-list\">\n<li>prawo dost\u0119pu do danych osobowych,<\/li>\n\n\n\n<li>prawo do sprostowania danych osobowych,<\/li>\n\n\n\n<li>prawo do usuni\u0119cia danych osobowych,<\/li>\n\n\n\n<li>prawo do ograniczenia przetwarzania danych osobowych,<\/li>\n\n\n\n<li>prawo do wniesienia sprzeciwu co do przetwarzania danych osobowych,<\/li>\n\n\n\n<li>prawo do przenoszenia danych,<\/li>\n\n\n\n<li>prawo do wniesienia skargi do organu nadzorczego,<\/li>\n\n\n\n<li>prawo do odwo\u0142ania zgody na przetwarzanie danych osobowych, je\u017celi takow\u0105 zgod\u0119 wyrazi\u0142e\u015b.<\/li>\n<\/ul>\n\n\n\n<p>Zasady zwi\u0105zane z realizacj\u0105 wskazanych uprawnie\u0144 zosta\u0142y opisane szczeg\u00f3\u0142owo w art. 16 \u2013 21 RODO. Wskazane powy\u017cej uprawnienia nie s\u0105 bezwzgl\u0119dne i nie b\u0119d\u0105 przys\u0142ugiwa\u0107 Ci w stosunku do wszystkich czynno\u015bci przetwarzania Twoich danych osobowych. Dla Twojej wygody do\u0142o\u017cyli\u015bmy stara\u0144, by w ramach opisu poszczeg\u00f3lnych operacji przetwarzania danych osobowych wskaza\u0107 na przys\u0142uguj\u0105ce Ci w ramach tych operacji uprawnienia.<\/p>\n\n\n\n<p>Je\u017celi uznasz, \u017ce przy przetwarzaniu Twoich danych osobowych dopu\u015bcili\u015bmy si\u0119 naruszenia przepis\u00f3w o ochronie danych osobowych, masz mo\u017cliwo\u015b\u0107 wniesienia skargi do organu nadzorczego (Prezesa Urz\u0119du Ochrony Danych Osobowych).<\/p>\n\n\n\n<p>Zawsze mo\u017cesz r\u00f3wnie\u017c zwr\u00f3ci\u0107 si\u0119 do nas z \u017c\u0105daniem udost\u0119pnienia Ci informacji o tym, jakie dane na Tw\u00f3j temat posiadamy oraz w jakich celach je przetwarzamy. Wystarczy, \u017ce wy\u015blesz wiadomo\u015b\u0107 na adres\u00a0info@dereszewski.pl. Do\u0142o\u017cyli\u015bmy jednak wszelkich stara\u0144, by interesuj\u0105ce Ci\u0119 informacje zosta\u0142y wyczerpuj\u0105co przedstawione w niniejszej polityce prywatno\u015bci. Podany powy\u017cej adres e-mail mo\u017cesz wykorzysta\u0107 r\u00f3wnie\u017c w razie jakichkolwiek pyta\u0144 zwi\u0105zanych z przetwarzaniem Twoich danych osobowych.<\/p>\n\n\n\n<p>Bezpiecze\u0144stwo. Gwarantujemy Ci poufno\u015b\u0107 wszelkich przekazanych nam danych osobowych. Zapewniamy podj\u0119cie wszelkich \u015brodk\u00f3w bezpiecze\u0144stwa i ochrony danych osobowych wymaganych przez przepisy o ochronie danych osobowych. Dane osobowe s\u0105 gromadzone z nale\u017cyt\u0105 staranno\u015bci\u0105 i odpowiednio chronione przed dost\u0119pem do nich przez osoby do tego nieupowa\u017cnione.<\/p>\n\n\n\n<p>Wykaz powierze\u0144. Powierzamy przetwarzanie danych osobowych nast\u0119puj\u0105cym podmiotom:<\/p>\n\n\n\n<ol class=\"wp-block-list\">\n<li>Zenbox sp. z o.o., ul. Wierzbi\u0119cice 1B, 61-569 Pozna\u0144 \u2013\u00a0 w celu przechowywania danych osobowych na serwerze oraz korzystania ze stron sprzeda\u017cowych, w kt\u00f3rych podawany jest adres email,<\/li>\n\n\n\n<li>ConvertKit, 113 Cherry St #92768, Seattle, WA, 98104-2205 \u2013 w celu korzystania z systemu mailingowego, w kt\u00f3rym przetwarzane s\u0105 Twoje dane, je\u017celi zapisa\u0142e\u015b si\u0119 do newslettera,<\/li>\n\n\n\n<li>osoby, kt\u00f3re przy \u015bwiadczeniu na nasz\u0105 rzecz us\u0142ug zwi\u0105zanych ze wsparciem technicznym strony internetowej mog\u0105 potencjalnie uzyska\u0107 dost\u0119p do Twoich danych osobowych,<\/li>\n\n\n\n<li>podwykonawcy, kt\u00f3rzy mog\u0105 bra\u0107 udzia\u0142 w \u015bwiadczeniu na Twoj\u0105 rzecz us\u0142ug prawnych oraz odpowiada\u0107 na Twoje wiadomo\u015bci e-mail.<\/li>\n<\/ol>\n\n\n\n<p>Wszystkie podmioty, kt\u00f3rym powierzamy przetwarzanie danych osobowych gwarantuj\u0105 stosowanie odpowiednich \u015brodk\u00f3w ochrony i bezpiecze\u0144stwa danych osobowych wymaganych przez przepisy prawa.<\/p>\n\n\n\n<h3 class=\"wp-block-heading\">Cele i czynno\u015bci przetwarzania<\/h3>\n\n\n\n<hr class=\"wp-block-separator has-alpha-channel-opacity\"\/>\n\n\n\n<p>Konto u\u017cytkownika.&nbsp;Zak\u0142adaj\u0105c konto u\u017cytkownika, musisz poda\u0107 sw\u00f3j adres e-mail oraz zdefiniowa\u0107 has\u0142o do konta. Podanie danych jest dobrowolne, ale niezb\u0119dne do za\u0142o\u017cenia konta. W ramach edycji profilu u\u017cytkownika mo\u017cesz poda\u0107 dalej id\u0105ce dane na sw\u00f3j temat, tj. imi\u0119 i nazwisko, adres rozliczeniowy oraz adres do wysy\u0142ki. Podanie tych danych jest ca\u0142kowicie dobrowolne. Mo\u017cesz posiada\u0107 konto, nie podaj\u0105c tych dalej id\u0105cych danych. W takiej sytuacji, sk\u0142adaj\u0105c zam\u00f3wienie b\u0119dziesz musia\u0142 te dane wprowadzi\u0107 r\u0119cznie.<\/p>\n\n\n\n<p>Dane wprowadzone przez Ciebie w ramach konta u\u017cytkownika przetwarzane s\u0105 wy\u0142\u0105cznie w celu utrzymywania konta i zapewnienia Ci mo\u017cliwo\u015bci korzystania z niego. Podanie danych w koncie u\u017cytkownika ma za zadanie u\u0142atwi\u0107 Ci sk\u0142adanie zam\u00f3wie\u0144 w sklepie poprzez automatyczne podstawianie danych do formularza zam\u00f3wienia.<\/p>\n\n\n\n<p>Podstaw\u0105 prawn\u0105 przetwarzania Twoich danych osobowych w ramach konta u\u017cytkownika jest realizacja umowy o prowadzenie konta, kt\u00f3r\u0105 zawierasz na podstawie regulaminu sklepu \u2013 art. 6 ust. 1 lit. b RODO.<\/p>\n\n\n\n<p>Dane zgromadzone w koncie u\u017cytkownika przetwarzane s\u0105 w ramach systemu WordPress i przechowywane na serwerze zapewnianym przez Zenbox sp. z o.o.<\/p>\n\n\n\n<p>Twoje dane b\u0119d\u0105 przetwarzane w ramach konta tak d\u0142ugo, jak d\u0142ugo b\u0119dziesz posiada\u0107 konto u\u017cytkownika. Po usuni\u0119ciu konta, twoje dane zostan\u0105 usuni\u0119te z bazy, za wyj\u0105tkiem danych o z\u0142o\u017conych zam\u00f3wieniach.<\/p>\n\n\n\n<p>W ka\u017cdej chwili mo\u017cesz uzyska\u0107 dost\u0119p do swoich danych osobowych przetwarzanych w ramach konta, loguj\u0105c si\u0119 do swojego konta u\u017cytkownika. Po zalogowaniu si\u0119 do konta mo\u017cesz w ka\u017cdej chwili zmodyfikowa\u0107 swoje dane, jak r\u00f3wnie\u017c je usun\u0105\u0107, za wyj\u0105tkiem danych o z\u0142o\u017conych zam\u00f3wieniach. W ka\u017cdej chwili mo\u017cesz podj\u0105\u0107 r\u00f3wnie\u017c decyzj\u0119 o usuni\u0119ciu konta.<\/p>\n\n\n\n<p>W stosunku do danych zgromadzonych w koncie u\u017cytkownika przys\u0142uguje Ci r\u00f3wnie\u017c prawo do przenoszenia danych, o kt\u00f3rym mowa w art. 20 RODO.<\/p>\n\n\n\n<p>Zam\u00f3wienia. Sk\u0142adaj\u0105c zam\u00f3wienie, musisz poda\u0107 dane niezb\u0119dne do realizacji zam\u00f3wienia, tj. imi\u0119 i nazwisko, adres rozliczeniowy, adres e-mail. Podanie danych jest dobrowolne, ale niezb\u0119dne do z\u0142o\u017cenia zam\u00f3wienia.<\/p>\n\n\n\n<p>Dane przekazane nam w zwi\u0105zku z zam\u00f3wieniem, przetwarzane s\u0105 w celu realizacji zam\u00f3wienia (art. 6 ust. 1 lit. b RODO), wystawienia faktury (art. 6 ust. 1 lit. c RODO), uwzgl\u0119dnienia faktury w naszej dokumentacji ksi\u0119gowej (art. 6 ust. 1 lit. c RODO) oraz w celach archiwalnych i statystycznych (art. 6 ust. 1 lit. f RODO).<\/p>\n\n\n\n<p>Dane zawarte w zam\u00f3wieniu z\u0142o\u017conym za po\u015brednictwem sklepu przetwarzane s\u0105 w ramach systemu WordPress i przechowywane na serwerze zapewnianym przez Zenbox sp. z o.o.<\/p>\n\n\n\n<p>Je\u017celi posiadasz konto u\u017cytkownika, to Twoje zam\u00f3wienie b\u0119dzie widoczne w ramach historii zam\u00f3wie\u0144 danego konta.<\/p>\n\n\n\n<p>Ka\u017cde zam\u00f3wienie dokumentowane jest faktur\u0105. Faktury wystawiane s\u0105 z wykorzystaniem systemu.<\/p>\n\n\n\n<p>Zam\u00f3wienia s\u0105 r\u00f3wnie\u017c rejestrowane w naszej wewn\u0119trznej bazie w celach archiwalnych i statystycznych.<\/p>\n\n\n\n<p>Dane o zam\u00f3wieniach b\u0119d\u0105 przetwarzane przez czas niezb\u0119dny do realizacji zam\u00f3wienia, a nast\u0119pnie do czasu up\u0142ywu terminu przedawnienia roszcze\u0144 z tytu\u0142u zawartej umowy. Ponadto, po up\u0142ywie tego terminu, dane nadal mog\u0105 by\u0107 przez nas przetwarzane w celach statystycznych. Pami\u0119taj r\u00f3wnie\u017c, \u017ce mamy obowi\u0105zek przechowywa\u0107 faktury z Twoimi danymi osobowymi przez okres 5 lat od ko\u0144ca roku podatkowego, w kt\u00f3rym powsta\u0142 obowi\u0105zek podatkowy.<\/p>\n\n\n\n<p>W przypadku danych o zam\u00f3wieniach nie masz mo\u017cliwo\u015bci sprostowania tych danych po realizacji zam\u00f3wienia. Nie mo\u017cesz r\u00f3wnie\u017c sprzeciwi\u0107 si\u0119 przetwarzaniu danych oraz domaga\u0107 si\u0119 usuni\u0119cia danych do czasu up\u0142ywu terminu przedawnienia roszcze\u0144 z tytu\u0142u zawartej umowy. Podobnie, nie mo\u017cesz sprzeciwi\u0107 si\u0119 przetwarzaniu danych oraz domaga\u0107 si\u0119 usuni\u0119cia danych zawartych w fakturach. Po up\u0142ywie terminu przedawnienia roszcze\u0144 z tytu\u0142u zawartej umowy mo\u017cesz jedna\u0107 sprzeciwi\u0107 si\u0119 przetwarzaniu przez nas Twoich danych w celach statystycznych, jak r\u00f3wnie\u017c domaga\u0107 si\u0119 usuni\u0119cia Twoich danych z naszej bazy.<\/p>\n\n\n\n<p>W stosunku do danych o zam\u00f3wieniach przys\u0142uguje Ci r\u00f3wnie\u017c prawo do przenoszenia danych, o kt\u00f3rym mowa w art. 20 RODO.<\/p>\n\n\n\n<p>Newsletter. Je\u017celi chcesz zapisa\u0107 si\u0119 do newslettera, musisz przekaza\u0107 nam sw\u00f3j adres e-mail za po\u015brednictwem formularza zapisu do newslettera.<\/p>\n\n\n\n<p>Dane przekazane nam podczas zapisu do newslettera wykorzystywane s\u0105 w celu przesy\u0142ania Ci newslettera, a podstaw\u0105 prawn\u0105 ich przetwarzania jest Twoja zgoda (art. 6 ust. 1 lit. a RODO) wyra\u017cona podczas zapisywania si\u0119 do newslettera.<\/p>\n\n\n\n<p>Dane przetwarzane s\u0105 w ramach systemu mailingowego ConvertKit i przechowywane na serwerze zapewnianym przez ConvertKit.<\/p>\n\n\n\n<p>Dane b\u0119d\u0105 przetwarzane przez czas funkcjonowania newslettera, chyba \u017ce wcze\u015bniej zrezygnujesz z jego otrzymywania, co spowoduje usuni\u0119cie Twoich danych z bazy.<\/p>\n\n\n\n<p>W ka\u017cdej chwili mo\u017cesz sprostowa\u0107 swoje dane zapisane w bazie newsletterowej, jak r\u00f3wnie\u017c za\u017c\u0105da\u0107 ich usuni\u0119cia, rezygnuj\u0105c z otrzymywania newslettera. Przys\u0142uguje Ci r\u00f3wnie\u017c prawo do przenoszenia danych, o kt\u00f3rym mowa w art. 20 RODO.<\/p>\n\n\n\n<p>Reklamacje i odst\u0105pienie od umowy. Je\u017celi sk\u0142adasz reklamacj\u0119 lub odst\u0119pujesz od umowy, to przekazujesz nam dane osobowe zawarte w tre\u015bci reklamacji lub o\u015bwiadczeniu o odst\u0105pieniu od umowy, kt\u00f3re obejmuj\u0119 imi\u0119 i nazwisko, adres zamieszkania, numer telefonu, adres e-mail, numer rachunku bankowego.<\/p>\n\n\n\n<p>Dane przekazane nam w zwi\u0105zku ze z\u0142o\u017ceniem reklamacji lub odst\u0105pieniem od umowy wykorzystywane s\u0105 w celu realizacji procedury reklamacyjnej lub procedury odst\u0105pienia od umowy (art. 6 ust. 1 lit. c RODO).<\/p>\n\n\n\n<p>Dane b\u0119d\u0105 przetwarzane przez czas niezb\u0119dny do realizacji procedury reklamacyjnej lub procedury odst\u0105pienia. Reklamacje oraz o\u015bwiadczenia o odst\u0105pieniu od umowy mog\u0105 by\u0107 ponadto archiwizowane w celach statystycznych.<\/p>\n\n\n\n<p>W przypadku danych zawartych w reklamacjach oraz o\u015bwiadczeniach o odst\u0105pieniu od umowy nie masz mo\u017cliwo\u015bci sprostowania tych danych. Nie mo\u017cesz r\u00f3wnie\u017c sprzeciwi\u0107 si\u0119 przetwarzaniu danych oraz domaga\u0107 si\u0119 usuni\u0119cia danych do czasu up\u0142ywu terminu przedawnienia roszcze\u0144 z tytu\u0142u zawartej umowy. Po up\u0142ywie terminu przedawnienia roszcze\u0144 z tytu\u0142u zawartej umowy mo\u017cesz jednak sprzeciwi\u0107 si\u0119 przetwarzaniu przez nas Twoich danych w celach statystycznych, jak r\u00f3wnie\u017c domaga\u0107 si\u0119 usuni\u0119cia Twoich danych z naszej bazy.<\/p>\n\n\n\n<p>Kontakt e-mailowy. Kontaktuj\u0105c si\u0119 z nami za po\u015brednictwem poczty elektronicznej, w tym r\u00f3wnie\u017c przesy\u0142aj\u0105c zapytanie poprzez formularz kontaktowy, w spos\u00f3b naturalny przekazujesz nam sw\u00f3j adres e-mail jako adres nadawcy wiadomo\u015bci. Ponadto, w tre\u015bci wiadomo\u015bci mo\u017cesz zawrze\u0107 r\u00f3wnie\u017c inne dane osobowe.<\/p>\n\n\n\n<p>Twoje dane s\u0105 w tym przypadku przetwarzane w celu kontaktu z Tob\u0105, a podstaw\u0105 przetwarzania jest art. 6 ust. 1 lit. a RODO, czyli Twoja zgoda wynikaj\u0105ce z zainicjowania z nami kontaktu. Podstaw\u0105 prawn\u0105 przetwarzania po zako\u0144czeniu kontaktu jest usprawiedliwiony cel w postaci archiwizacji korespondencji na potrzeby wewn\u0119trzne (art. 6 ust. 1 lit. c RODO).<\/p>\n\n\n\n<p>Tre\u015b\u0107 korespondencji mo\u017ce podlega\u0107 archiwizacji i nie jeste\u015bmy w stanie jednoznacznie okre\u015bli\u0107, kiedy zostanie usuni\u0119ta. Masz prawo do domagania si\u0119 przedstawienia historii korespondencji, jak\u0105 z nami prowadzi\u0142e\u015b (je\u017celi podlega\u0142a archiwizacji), jak r\u00f3wnie\u017c domaga\u0107 si\u0119 jej usuni\u0119cia, chyba \u017ce jej archiwizacja jest uzasadniona z uwagi na nasze nadrz\u0119dne interesy, np. obrona przed potencjalnymi roszczeniami z Twojej strony.<\/p>\n\n\n\n<h3 class=\"wp-block-heading\">Pliki cookies i inne technologie \u015bledz\u0105ce<\/h3>\n\n\n\n<hr class=\"wp-block-separator has-alpha-channel-opacity\"\/>\n\n\n\n<p>Nasza strona, podobnie jak niemal wszystkie inne strony internetowe, wykorzystuje pliki cookies, by zapewni\u0107 Ci najlepsze do\u015bwiadczenia zwi\u0105zane z korzystaniem z niej.<\/p>\n\n\n\n<p>Cookies to niewielkie informacje tekstowe, przechowywane na Twoim urz\u0105dzeniu ko\u0144cowym (np. komputerze, tablecie, smartfonie), kt\u00f3re mog\u0105 by\u0107 odczytywane przez nasz system teleinformatyczny.<\/p>\n\n\n\n<p>Wi\u0119cej szczeg\u00f3\u0142\u00f3w znajdziesz poni\u017cej.<\/p>\n\n\n\n<p>Zgoda na cookies. Podczas pierwszej wizyty na stronie wy\u015bwietlana jest Ci informacja na temat stosowania plik\u00f3w cookies wraz z pytaniem o zgod\u0119 na wykorzystywanie plik\u00f3w cookies. Dzi\u0119ki specjalnemu narz\u0119dziu masz mo\u017cliwo\u015b\u0107 zarz\u0105dzania plikami cookies z poziomu strony. Ponadto, zawsze mo\u017cesz zmieni\u0107 ustawienia cookies z poziomu swojej przegl\u0105darki albo w og\u00f3le usun\u0105\u0107 pliki cookies. Pami\u0119taj jednak, \u017ce wy\u0142\u0105czenie plik\u00f3w cookies mo\u017ce powodowa\u0107 trudno\u015bci w korzystaniu ze strony, jak r\u00f3wnie\u017c z wielu innych stron internetowych, kt\u00f3re stosuj\u0105 cookies.<\/p>\n\n\n\n<p>Cookies podmiot\u00f3w trzecich. Nasza strona, podobnie jak wi\u0119kszo\u015b\u0107 wsp\u00f3\u0142czesnych stron internetowych, wykorzystuje funkcje zapewniane przez podmioty trzecie, co wi\u0105\u017ce si\u0119 z wykorzystywaniem plik\u00f3w cookies pochodz\u0105cych od podmiot\u00f3w trzecich. Wykorzystanie tego rodzaju plik\u00f3w cookies zosta\u0142o opisane poni\u017cej.<\/p>\n\n\n\n<p>Analiza i statystyka. Wykorzystujemy cookies do \u015bledzenia statystyk strony, takich jak liczba os\u00f3b odwiedzaj\u0105cych, rodzaj systemu operacyjnego i przegl\u0105darki internetowej wykorzystywanej do przegl\u0105dania strony, czas sp\u0119dzony na stronie, odwiedzone podstrony etc. Korzystamy w tym zakresie z Google Analytics, co wi\u0105\u017ce si\u0119 z wykorzystaniem plik\u00f3w cookies firmy Google LLC. W ramach mechanizmu do zarz\u0105dzania ustawieniami plik\u00f3w cookies masz mo\u017cliwo\u015b\u0107 zadecydowania, czy w ramach us\u0142ugi Google Analytics b\u0119dziemy mogli korzysta\u0107 r\u00f3wnie\u017c z funkcji marketingowych, czy nie.<\/p>\n\n\n\n<p>Marketing. Korzystamy z narz\u0119dzi marketingowych, takich jak Facebook Pixel, by kierowa\u0107 do Ciebie reklamy. Wi\u0105\u017c\u0119 si\u0119 to z wykorzystywaniem plik\u00f3w cookies firmy Facebook. W ramach ustawie\u0144 plik\u00f3w cookies mo\u017cesz zadecydowa\u0107, czy wyra\u017casz zgod\u0119 na korzystanie przez nas w Twoim przypadku z Pixela Facebooka, czy nie.<\/p>\n\n\n\n<p>Narz\u0119dzia spo\u0142eczno\u015bciowe. Zapewniamy mo\u017cliwo\u015b\u0107 korzystania z funkcji spo\u0142eczno\u015bciowych, takich jak udost\u0119pnianie tre\u015bci w serwisach spo\u0142eczno\u015bciowych oraz subskrypcja profilu spo\u0142eczno\u015bciowego. Korzystanie z tych funkcji wi\u0105\u017ce si\u0119 z wykorzystywaniem plik\u00f3w cookies administrator\u00f3w serwis\u00f3w spo\u0142eczno\u015bciowych takich jak Facebook, Instagram, YouTube, Twitter, Google+, LinkedIN.<\/p>\n\n\n\n<p>Osadzamy na stronie nagrania wideo z serwisu YouTube. Gdy odtwarzasz takie nagrania, wykorzystywane s\u0105 pliki cookies firmy Google LLC dotycz\u0105ce us\u0142ugi YouTube.<\/p>\n\n\n\n<h3 class=\"wp-block-heading\">Logi serwera<\/h3>\n\n\n\n<hr class=\"wp-block-separator has-alpha-channel-opacity\"\/>\n\n\n\n<p>Korzystanie ze strony wi\u0105\u017ce si\u0119 z przesy\u0142aniem zapyta\u0144 do serwera, na kt\u00f3rym przechowywana jest strona. Ka\u017cde zapytanie skierowane do serwera zapisywane jest w logach serwera.<\/p>\n\n\n\n<p>Logi obejmuj\u0105 m.in. Tw\u00f3j adres IP, dat\u0119 i czas serwera, informacje o przegl\u0105darce internetowej i systemie operacyjnym z jakiego korzystasz. Logi zapisywane i przechowywane s\u0105 na serwerze.<\/p>\n\n\n\n<p>Dane zapisane w logach serwera nie s\u0105 kojarzone z konkretnymi osobami korzystaj\u0105cymi ze strony i nie s\u0105 wykorzystywane przez nas w celu Twojej identyfikacji.<\/p>\n\n\n\n<p>Logi serwera stanowi\u0105 wy\u0142\u0105cznie materia\u0142 pomocniczy s\u0142u\u017c\u0105cy do administrowania stron\u0105, a ich zawarto\u015b\u0107 nie jest ujawniana nikomu poza osobami upowa\u017cnionymi do administrowania serwerem.<\/p>\n","protected":false},"excerpt":{"rendered":"<p>Ten dokument okre\u015bla zasady przetwarzania danych osobowych oraz wykorzystywania plik\u00f3w cookies w zwi\u0105zku z korzystaniem ze strony internetowej https:\/\/dereszewski.pl Informacja formalna na pocz\u0105tek \u2013 administratorem strony jest firma Tomasz Dereszewski., ul. Grochowska 207\/46, 04-077 Warszawa, NIP: 7752520591. W razie jakichkolwiek w\u0105tpliwo\u015bci zwi\u0105zanych z polityk\u0105 prywatno\u015bci, w ka\u017cdej chwili mo\u017cesz skontaktowa\u0107 si\u0119 z nami, wysy\u0142aj\u0105c wiadomo\u015b\u0107 [&hellip;]<\/p>\n","protected":false},"author":1,"featured_media":0,"parent":0,"menu_order":0,"comment_status":"closed","ping_status":"closed","template":"","meta":{"footnotes":""},"class_list":["post-12","page","type-page","status-publish","hentry"],"_links":{"self":[{"href":"https:\/\/www.dereszewski.pl\/index.php\/wp-json\/wp\/v2\/pages\/12","targetHints":{"allow":["GET"]}}],"collection":[{"href":"https:\/\/www.dereszewski.pl\/index.php\/wp-json\/wp\/v2\/pages"}],"about":[{"href":"https:\/\/www.dereszewski.pl\/index.php\/wp-json\/wp\/v2\/types\/page"}],"author":[{"embeddable":true,"href":"https:\/\/www.dereszewski.pl\/index.php\/wp-json\/wp\/v2\/users\/1"}],"replies":[{"embeddable":true,"href":"https:\/\/www.dereszewski.pl\/index.php\/wp-json\/wp\/v2\/comments?post=12"}],"version-history":[{"count":1,"href":"https:\/\/www.dereszewski.pl\/index.php\/wp-json\/wp\/v2\/pages\/12\/revisions"}],"predecessor-version":[{"id":13,"href":"https:\/\/www.dereszewski.pl\/index.php\/wp-json\/wp\/v2\/pages\/12\/revisions\/13"}],"wp:attachment":[{"href":"https:\/\/www.dereszewski.pl\/index.php\/wp-json\/wp\/v2\/media?parent=12"}],"curies":[{"name":"wp","href":"https:\/\/api.w.org\/{rel}","templated":true}]}}