{"id":47,"date":"2025-05-15T20:54:27","date_gmt":"2025-05-15T20:54:27","guid":{"rendered":"https:\/\/www.dereszewski.pl\/?page_id=47"},"modified":"2025-05-26T20:22:47","modified_gmt":"2025-05-26T20:22:47","slug":"start","status":"publish","type":"page","link":"https:\/\/www.dereszewski.pl\/","title":{"rendered":"Start"},"content":{"rendered":"\t\t<div data-elementor-type=\"wp-page\" data-elementor-id=\"47\" class=\"elementor elementor-47\">\n\t\t\t\t<div class=\"elementor-element elementor-element-b0dcfdf e-flex e-con-boxed e-con e-parent\" data-id=\"b0dcfdf\" data-element_type=\"container\" data-e-type=\"container\">\n\t\t\t\t\t<div class=\"e-con-inner\">\n\t\t<div class=\"elementor-element elementor-element-d29f06d e-con-full e-flex e-con e-child\" data-id=\"d29f06d\" data-element_type=\"container\" data-e-type=\"container\">\n\t\t\t\t<div class=\"elementor-element elementor-element-62f5016 elementor-widget elementor-widget-text-editor\" data-id=\"62f5016\" data-element_type=\"widget\" data-e-type=\"widget\" data-widget_type=\"text-editor.default\">\n\t\t\t\t<div class=\"elementor-widget-container\">\n\t\t\t\t\t\t\t\t\t<p>Nazywam si\u0119 <b>Tomek Dereszewski, jestem doradc\u0105 podatkowym (nr wpisu 12130)<\/b>&nbsp;<span style=\"font-size: 1rem;\">z Andersen Tax and Legal.&nbsp;<\/span><\/p>\n<p><\/p>\n<p>Od 15 lat zajmuje si\u0119 podatkami, a swoje do\u015bwiadczenie zdobywa\u0142am w takich firmach jak PwC i KPMG.<\/p>\n<p><span style=\"font-size: 1rem;\">&nbsp;<\/span><\/p>\n<p>Pracuj\u0119 z klientami, kt\u00f3rzy:<br>\ud83d\udd35 s\u0105 zainteresowani sposobami na <b>popraw\u0119 efektywno\u015bci podatkowej<\/b> biznesu, przez co szukaj\u0105 optymalizacji w obszarze podatk\u00f3w,<\/p>\n<p>\ud83d\udd35 chc\u0105 by\u0107 na bie\u017c\u0105co i w zgodzie z regulacjami podatkowymi, a w zwi\u0105zku z tym potrzebuj\u0105 wsparcia w projektach <b>dostosowania biznesu do zmian regulacji podatkowych<\/b> lub <b>bie\u017c\u0105cego wsparcia podatkowego<\/b> przy zagadnieniach podatkowo-prawnych,<\/p>\n<p>\ud83d\udd35 prowadz\u0105 <b>spory z organami podatkowymi<\/b> lub chc\u0105 si\u0119 zabezpieczy\u0107 przed takimi sporami, a w konsekwencji potrzebuj\u0105cy pomocy w kontaktach z organami podatkowymi lub szukaj\u0105cy do\u015bwiadczenia jak przygotowa\u0107 sw\u00f3j biznes na kontrole, lub post\u0119powania podatkowe.<\/p>\n<p>&nbsp;<\/p>\n<p>Moje do\u015bwiadczenie to <b>kilkana\u015bcie lat w doradztwie podatkowym<\/b> gdzie:<\/p>\n<p>\ud83c\udfaf pracowa\u0142em dla klient\u00f3w z <b>bran\u017cy finansowej,<\/b> <b>nieruchomo\u015bciowej<\/b>, nowych technologii <b>(IT, IoT)<\/b> oraz <b>przemy\u015ble produkcyjnym<\/b>,<\/p>\n<p>\ud83c\udfaf zajmowa\u0142em si\u0119 podatkowo <b>transakcjami nieruchomo\u015bciowymi<\/b>, w tym pracowa\u0142em przy transakcjach zakupu i sprzeda\u017cy dzia\u0142ek, nieruchomo\u015bci komercyjnych oraz mieszkaniowych,<\/p>\n<p>\ud83c\udfafuczestniczy\u0142em w licznych <b>przegl\u0105dach podatkowych<\/b>, nastawionych na identyfikacj\u0119 ryzyk podatkowych w biznesie oraz projektach zwi\u0105zanych z ich ograniczeniem (np. wdro\u017cenie nale\u017cytej staranno\u015bci w podatku VAT i CIT- WHT),<\/p>\n<p><span style=\"font-size: 1rem;\">\ud83c\udfaf<\/span><span style=\"font-size: 1rem;\">&nbsp;reprezentowa\u0142em klient\u00f3w w <b>post\u0119powaniach podatkowych<\/b> przy zwrotach podatku VAT i CIT, w trakcie kontroli i post\u0119powa\u0144 podatkowych oraz <b>przed s\u0105dami administracyjnymi,<\/b><\/span><\/p>\n<p>\ud83c\udfaf wdra\u017ca\u0142em <b>liczne rozwi\u0105zania poprawiaj\u0105ce efektywno\u015b\u0107 podatkow\u0105 biznesu<\/b>, w tym ulgi podatkowe dla IT oraz bran\u017c produkcyjnych,<\/p>\n<p>\ud83c\udfaf na <b>bie\u017c\u0105co doradzam klientom<\/b> w codziennych kwestiach podatkowo-prawnych.<\/p>\n<p><span style=\"font-size: 1rem;\">Na moich socialach dziel\u0119 si\u0119 wiedz\u0105 z zakresu prawa i podatk\u00f3w <b>dla \u015bredniego i du\u017cego biznesu.&nbsp;<\/b><\/span><\/p>\n<p><span style=\"font-size: 1rem;\">Je\u017celi tematyka ta jest Ci bliska zapisz si\u0119 m\u00f3j newsletter, \u017ceby dostawa\u0107 informacje o kolejnych materia\u0142ach, kt\u00f3re b\u0119d\u0119 publikowa\u0142!<\/span><\/p>\n<p><span style=\"font-size: 1rem;\">&nbsp;<\/span><\/p>\n<p>Chcesz niezobowi\u0105zuj\u0105co i bezp\u0142atnie porozmawia\u0107 o Twoim problemie podatkowym w biznesie?<\/p>\n<p><b>Um\u00f3wmy si\u0119 na kr\u00f3tk\u0105, 30 minutow\u0105 rozmow\u0119 &#8211;<\/b> zobaczymy czy mo\u017cna Ci jako\u015b pom\u00f3c:<\/p>\t\t\t\t\t\t\t\t<\/div>\n\t\t\t\t<\/div>\n\t\t\t\t<div class=\"elementor-element elementor-element-e1f1b7f elementor-align-center elementor-widget elementor-widget-button\" data-id=\"e1f1b7f\" data-element_type=\"widget\" data-e-type=\"widget\" data-widget_type=\"button.default\">\n\t\t\t\t<div class=\"elementor-widget-container\">\n\t\t\t\t\t\t\t\t\t<div class=\"elementor-button-wrapper\">\n\t\t\t\t\t<a class=\"elementor-button elementor-button-link elementor-size-sm\" href=\"https:\/\/calendly.com\/t-dereszewski\/30min\">\n\t\t\t\t\t\t<span class=\"elementor-button-content-wrapper\">\n\t\t\t\t\t\t\t\t\t<span class=\"elementor-button-text\">Um\u00f3wmy si\u0119 na spotkanie online<\/span>\n\t\t\t\t\t<\/span>\n\t\t\t\t\t<\/a>\n\t\t\t\t<\/div>\n\t\t\t\t\t\t\t\t<\/div>\n\t\t\t\t<\/div>\n\t\t\t\t<\/div>\n\t\t<div class=\"elementor-element elementor-element-e0acd70 e-con-full e-flex e-con e-child\" data-id=\"e0acd70\" data-element_type=\"container\" data-e-type=\"container\">\n\t\t\t\t<div class=\"elementor-element elementor-element-41b301e elementor-widget elementor-widget-image\" data-id=\"41b301e\" data-element_type=\"widget\" data-e-type=\"widget\" data-widget_type=\"image.default\">\n\t\t\t\t<div class=\"elementor-widget-container\">\n\t\t\t\t\t\t\t\t\t\t\t\t\t\t\t<img fetchpriority=\"high\" decoding=\"async\" width=\"472\" height=\"650\" src=\"https:\/\/www.dereszewski.pl\/wp-content\/uploads\/2025\/05\/Dereszewski_Tomasz-SZARE.psd-1.png\" class=\"attachment-large size-large wp-image-17\" alt=\"\" srcset=\"https:\/\/www.dereszewski.pl\/wp-content\/uploads\/2025\/05\/Dereszewski_Tomasz-SZARE.psd-1.png 472w, https:\/\/www.dereszewski.pl\/wp-content\/uploads\/2025\/05\/Dereszewski_Tomasz-SZARE.psd-1-218x300.png 218w\" sizes=\"(max-width: 472px) 100vw, 472px\" \/>\t\t\t\t\t\t\t\t\t\t\t\t\t\t\t<\/div>\n\t\t\t\t<\/div>\n\t\t\t\t<\/div>\n\t\t\t\t\t<\/div>\n\t\t\t\t<\/div>\n\t\t<div class=\"elementor-element elementor-element-1eca42a e-flex e-con-boxed e-con e-parent\" data-id=\"1eca42a\" data-element_type=\"container\" data-e-type=\"container\">\n\t\t\t\t\t<div class=\"e-con-inner\">\n\t\t<div class=\"elementor-element elementor-element-08bbb2e e-con-full e-flex e-con e-child\" data-id=\"08bbb2e\" data-element_type=\"container\" data-e-type=\"container\">\n\t\t\t\t<\/div>\n\t\t<div class=\"elementor-element elementor-element-920a050 e-con-full e-flex e-con e-child\" data-id=\"920a050\" data-element_type=\"container\" data-e-type=\"container\">\n\t\t\t\t<div class=\"elementor-element elementor-element-ba66d22 elementor-widget elementor-widget-text-editor\" data-id=\"ba66d22\" data-element_type=\"widget\" data-e-type=\"widget\" data-widget_type=\"text-editor.default\">\n\t\t\t\t<div class=\"elementor-widget-container\">\n\t\t\t\t\t\t\t\t\t<div class=\"elementor-element elementor-element-5af16dd e-con-full e-flex e-con e-child\" data-id=\"5af16dd\" data-element_type=\"container\"><div class=\"elementor-element elementor-element-ba66d22 elementor-widget elementor-widget-text-editor\" data-id=\"ba66d22\" data-element_type=\"widget\" data-widget_type=\"text-editor.default\"><div class=\"elementor-widget-container\"><p><b>Je\u017celi chcesz dostawa\u0107 informacj\u0119 o nowych publikacjach, b\u0105d\u017amy w kontakcie:<\/b><\/p><\/div><\/div><\/div>\t\t\t\t\t\t\t\t<\/div>\n\t\t\t\t<\/div>\n\t\t\t\t<\/div>\n\t\t<div class=\"elementor-element elementor-element-94b72c1 e-con-full e-flex e-con e-child\" data-id=\"94b72c1\" data-element_type=\"container\" data-e-type=\"container\">\n\t\t\t\t<\/div>\n\t\t\t\t\t<\/div>\n\t\t\t\t<\/div>\n\t\t<div class=\"elementor-element elementor-element-78205c4 e-flex e-con-boxed e-con e-parent\" data-id=\"78205c4\" data-element_type=\"container\" data-e-type=\"container\">\n\t\t\t\t\t<div class=\"e-con-inner\">\n\t\t<div class=\"elementor-element elementor-element-4fe83db e-con-full e-flex e-con e-child\" data-id=\"4fe83db\" data-element_type=\"container\" data-e-type=\"container\">\n\t\t\t\t<div class=\"elementor-element elementor-element-358a9ff elementor-widget elementor-widget-text-editor\" data-id=\"358a9ff\" data-element_type=\"widget\" data-e-type=\"widget\" data-widget_type=\"text-editor.default\">\n\t\t\t\t<div class=\"elementor-widget-container\">\n\t\t\t\t\t\t\t\t\t<p><a href=\"https:\/\/www.dereszewski.pl\/index.php\/polityka-prywatnosci\/\">Polityka prywatno\u015bci<\/a><\/p>\t\t\t\t\t\t\t\t<\/div>\n\t\t\t\t<\/div>\n\t\t\t\t<\/div>\n\t\t<div class=\"elementor-element elementor-element-5fc536d e-con-full e-flex e-con e-child\" data-id=\"5fc536d\" data-element_type=\"container\" data-e-type=\"container\">\n\t\t\t\t<div class=\"elementor-element elementor-element-7cee8d2 elementor-shape-rounded elementor-grid-0 e-grid-align-center elementor-widget elementor-widget-social-icons\" data-id=\"7cee8d2\" data-element_type=\"widget\" data-e-type=\"widget\" data-widget_type=\"social-icons.default\">\n\t\t\t\t<div class=\"elementor-widget-container\">\n\t\t\t\t\t\t\t<div class=\"elementor-social-icons-wrapper elementor-grid\" role=\"list\">\n\t\t\t\t\t\t\t<span class=\"elementor-grid-item\" role=\"listitem\">\n\t\t\t\t\t<a class=\"elementor-icon elementor-social-icon elementor-social-icon-youtube elementor-repeater-item-567b067\" href=\"https:\/\/www.youtube.com\/channel\/UCL24uYQTme2bNT4wJ3ZjLSw\" target=\"_blank\">\n\t\t\t\t\t\t<span class=\"elementor-screen-only\">Youtube<\/span>\n\t\t\t\t\t\t<svg aria-hidden=\"true\" class=\"e-font-icon-svg e-fab-youtube\" viewBox=\"0 0 576 512\" xmlns=\"http:\/\/www.w3.org\/2000\/svg\"><path d=\"M549.655 124.083c-6.281-23.65-24.787-42.276-48.284-48.597C458.781 64 288 64 288 64S117.22 64 74.629 75.486c-23.497 6.322-42.003 24.947-48.284 48.597-11.412 42.867-11.412 132.305-11.412 132.305s0 89.438 11.412 132.305c6.281 23.65 24.787 41.5 48.284 47.821C117.22 448 288 448 288 448s170.78 0 213.371-11.486c23.497-6.321 42.003-24.171 48.284-47.821 11.412-42.867 11.412-132.305 11.412-132.305s0-89.438-11.412-132.305zm-317.51 213.508V175.185l142.739 81.205-142.739 81.201z\"><\/path><\/svg>\t\t\t\t\t<\/a>\n\t\t\t\t<\/span>\n\t\t\t\t\t\t\t<span class=\"elementor-grid-item\" role=\"listitem\">\n\t\t\t\t\t<a class=\"elementor-icon elementor-social-icon elementor-social-icon-linkedin elementor-repeater-item-93d89da\" href=\"https:\/\/www.linkedin.com\/in\/tomasz-dereszewski\/\" target=\"_blank\">\n\t\t\t\t\t\t<span class=\"elementor-screen-only\">Linkedin<\/span>\n\t\t\t\t\t\t<svg aria-hidden=\"true\" class=\"e-font-icon-svg e-fab-linkedin\" viewBox=\"0 0 448 512\" xmlns=\"http:\/\/www.w3.org\/2000\/svg\"><path d=\"M416 32H31.9C14.3 32 0 46.5 0 64.3v383.4C0 465.5 14.3 480 31.9 480H416c17.6 0 32-14.5 32-32.3V64.3c0-17.8-14.4-32.3-32-32.3zM135.4 416H69V202.2h66.5V416zm-33.2-243c-21.3 0-38.5-17.3-38.5-38.5S80.9 96 102.2 96c21.2 0 38.5 17.3 38.5 38.5 0 21.3-17.2 38.5-38.5 38.5zm282.1 243h-66.4V312c0-24.8-.5-56.7-34.5-56.7-34.6 0-39.9 27-39.9 54.9V416h-66.4V202.2h63.7v29.2h.9c8.9-16.8 30.6-34.5 62.9-34.5 67.2 0 79.7 44.3 79.7 101.9V416z\"><\/path><\/svg>\t\t\t\t\t<\/a>\n\t\t\t\t<\/span>\n\t\t\t\t\t\t\t<span class=\"elementor-grid-item\" role=\"listitem\">\n\t\t\t\t\t<a class=\"elementor-icon elementor-social-icon elementor-social-icon-link elementor-repeater-item-69b20da\" href=\"https:\/\/pl.andersen.com\/zespol\/tomasz-dereszewski\/\" target=\"_blank\">\n\t\t\t\t\t\t<span class=\"elementor-screen-only\">Link<\/span>\n\t\t\t\t\t\t<svg aria-hidden=\"true\" class=\"e-font-icon-svg e-fas-link\" viewBox=\"0 0 512 512\" xmlns=\"http:\/\/www.w3.org\/2000\/svg\"><path d=\"M326.612 185.391c59.747 59.809 58.927 155.698.36 214.59-.11.12-.24.25-.36.37l-67.2 67.2c-59.27 59.27-155.699 59.262-214.96 0-59.27-59.26-59.27-155.7 0-214.96l37.106-37.106c9.84-9.84 26.786-3.3 27.294 10.606.648 17.722 3.826 35.527 9.69 52.721 1.986 5.822.567 12.262-3.783 16.612l-13.087 13.087c-28.026 28.026-28.905 73.66-1.155 101.96 28.024 28.579 74.086 28.749 102.325.51l67.2-67.19c28.191-28.191 28.073-73.757 0-101.83-3.701-3.694-7.429-6.564-10.341-8.569a16.037 16.037 0 0 1-6.947-12.606c-.396-10.567 3.348-21.456 11.698-29.806l21.054-21.055c5.521-5.521 14.182-6.199 20.584-1.731a152.482 152.482 0 0 1 20.522 17.197zM467.547 44.449c-59.261-59.262-155.69-59.27-214.96 0l-67.2 67.2c-.12.12-.25.25-.36.37-58.566 58.892-59.387 154.781.36 214.59a152.454 152.454 0 0 0 20.521 17.196c6.402 4.468 15.064 3.789 20.584-1.731l21.054-21.055c8.35-8.35 12.094-19.239 11.698-29.806a16.037 16.037 0 0 0-6.947-12.606c-2.912-2.005-6.64-4.875-10.341-8.569-28.073-28.073-28.191-73.639 0-101.83l67.2-67.19c28.239-28.239 74.3-28.069 102.325.51 27.75 28.3 26.872 73.934-1.155 101.96l-13.087 13.087c-4.35 4.35-5.769 10.79-3.783 16.612 5.864 17.194 9.042 34.999 9.69 52.721.509 13.906 17.454 20.446 27.294 10.606l37.106-37.106c59.271-59.259 59.271-155.699.001-214.959z\"><\/path><\/svg>\t\t\t\t\t<\/a>\n\t\t\t\t<\/span>\n\t\t\t\t\t<\/div>\n\t\t\t\t\t\t<\/div>\n\t\t\t\t<\/div>\n\t\t\t\t<\/div>\n\t\t<div class=\"elementor-element elementor-element-80e2c92 e-con-full e-flex e-con e-child\" data-id=\"80e2c92\" data-element_type=\"container\" data-e-type=\"container\">\n\t\t\t\t<\/div>\n\t\t\t\t\t<\/div>\n\t\t\t\t<\/div>\n\t\t\t\t<\/div>\n\t\t","protected":false},"excerpt":{"rendered":"<p>Nazywam si\u0119 Tomek Dereszewski, jestem doradc\u0105 podatkowym (nr wpisu 12130)&nbsp;z Andersen Tax and Legal.&nbsp; Od 15 lat zajmuje si\u0119 podatkami, a swoje do\u015bwiadczenie zdobywa\u0142am w takich firmach jak PwC i KPMG. &nbsp; Pracuj\u0119 z klientami, kt\u00f3rzy:\ud83d\udd35 s\u0105 zainteresowani sposobami na popraw\u0119 efektywno\u015bci podatkowej biznesu, przez co szukaj\u0105 optymalizacji w obszarze podatk\u00f3w, \ud83d\udd35 chc\u0105 by\u0107 na [&hellip;]<\/p>\n","protected":false},"author":1,"featured_media":0,"parent":0,"menu_order":0,"comment_status":"closed","ping_status":"closed","template":"","meta":{"footnotes":""},"class_list":["post-47","page","type-page","status-publish","hentry"],"_links":{"self":[{"href":"https:\/\/www.dereszewski.pl\/index.php\/wp-json\/wp\/v2\/pages\/47","targetHints":{"allow":["GET"]}}],"collection":[{"href":"https:\/\/www.dereszewski.pl\/index.php\/wp-json\/wp\/v2\/pages"}],"about":[{"href":"https:\/\/www.dereszewski.pl\/index.php\/wp-json\/wp\/v2\/types\/page"}],"author":[{"embeddable":true,"href":"https:\/\/www.dereszewski.pl\/index.php\/wp-json\/wp\/v2\/users\/1"}],"replies":[{"embeddable":true,"href":"https:\/\/www.dereszewski.pl\/index.php\/wp-json\/wp\/v2\/comments?post=47"}],"version-history":[{"count":73,"href":"https:\/\/www.dereszewski.pl\/index.php\/wp-json\/wp\/v2\/pages\/47\/revisions"}],"predecessor-version":[{"id":130,"href":"https:\/\/www.dereszewski.pl\/index.php\/wp-json\/wp\/v2\/pages\/47\/revisions\/130"}],"wp:attachment":[{"href":"https:\/\/www.dereszewski.pl\/index.php\/wp-json\/wp\/v2\/media?parent=47"}],"curies":[{"name":"wp","href":"https:\/\/api.w.org\/{rel}","templated":true}]}}